{"id":32,"date":"2020-05-20T17:56:48","date_gmt":"2020-05-20T17:56:48","guid":{"rendered":"http:\/\/fotoclub-stein.de\/?page_id=32"},"modified":"2024-05-30T18:40:56","modified_gmt":"2024-05-30T18:40:56","slug":"kontakt","status":"publish","type":"page","link":"https:\/\/sfc-stein.de\/?page_id=32","title":{"rendered":"KONTAKT"},"content":{"rendered":"\n<p><\/p>\n\n\n\n<p><\/p>\n\n\n\n<figure class=\"wp-block-table\"><table><tbody><tr><td><strong>Clubr\u00e4ume und Galerie SFC:<\/strong><br>Schulhaus M\u00fchlstra\u00dfe 29 (im Keller) 90547 Stein bei N\u00fcrnberg<\/td><\/tr><tr><td><strong>2. Vorstand:<\/strong><br><strong>Richard Walter<\/strong><br>Magnolienstr. 4<br>90522 Oberasbach<br>Tel.: +49 911 9694111<br>E-Mail:&nbsp;<a href=\"mailto:richard.walter@sfc-stein.de\">richard.walter(at)sfc-stein.de<\/a><\/td><\/tr><tr><td><strong>Schatzmeisterin:<\/strong><br><strong>Gabriele&nbsp;Walter<\/strong><br>Magnolienstr. 4<br>90522 Oberasbach<br>Tel.: +49 911 9694111<br>E-Mail:&nbsp;<a href=\"mailto:richard.walter@sfc-stein.de\">gabi.walter(at)sfc-stein.de<\/a><\/td><\/tr><tr><td><strong>Schriftf\u00fchrer und Programm:<\/strong><br><strong>Ronald Apelt<\/strong><br>Flurstra\u00dfe . 4<br>90547 Stein<br>Tel.: +49 911 684545<br>E-Mail:&nbsp;<a href=\"mailto:richard.walter@sfc-stein.de\">ronald.apelt(at)sfc-stein.de<\/a><\/td><\/tr><tr><td><strong><strong>Technischer Leiter<\/strong>:<br>Norbert Ott<\/strong><br>E-Mail:&nbsp;<strong><a href=\"mailto:heinz.gebhardt@sfc-stein.de\">norbert.ott(at)sfc-stein.de<\/a><\/strong><\/td><\/tr><tr><td><strong>Presse, \u00d6ffentlichkeitsarbeit:<\/strong><br><strong>Monika Meier<\/strong><br>Email:&nbsp;<a href=\"mailto:monika.meier@sfc-stein.de\">monika.meier(at)sfc-stein.de<\/a><\/td><\/tr><tr><td><strong>Techn. Leiter Film und Video:<\/strong><br><strong>Klaus Kutsche<\/strong><br>E-Mail:&nbsp;an den 2. Vorstand<\/td><\/tr><tr><td><strong>Leiter Fotografie:<\/strong><br><strong>Friedrich Martschin<\/strong><br>E-Mail:&nbsp;an den 2. Vorstand<\/td><\/tr><tr><td><strong>Unsere Dozenten an der VHS Stein:<\/strong><br><strong>Friedrich Martschin<\/strong><br>Kurse: \u00a0<strong>Einf\u00fchrung in die Fotografie<\/strong><br><br><strong>Norbert Ott<\/strong><br>Kurse:\u00a0<strong>Digitale Fototechnik<\/strong><br>E-Mail:\u00a0<a href=\"mailto:norbert.ott@sfc-stein.de\">norbert.ott(at)sfc-stein.de<\/a><br><br><strong>Ronald Apelt<\/strong><br>Kurse:\u00a0<strong>Videobearbeitung<\/strong><br>E-Mail:\u00a0<a href=\"mailto:richard.walter@sfc-stein.de\">ronald.apelt(at)sfc-stein.de<\/a><br><br><strong>G\u00fcnther Carstensen<\/strong><br>Kurse:<strong> Kreatives Gestalten von Fotob\u00fcchern<\/strong><br>E-Mail:\u00a0<a href=\"mailto:guenther.carstensen@sfc-stein.de\">guenther.carstensen(at)sfc-stein.de<\/a><br><br><strong>Anmeldung ausschlie\u00dflich \u00fcber: <\/strong><a href=\"info@vhs-zirndorf-stein.de\" data-type=\"link\" data-id=\"info@vhs-zirndorf-stein.de\">info(at)vhs-zirndorf-stein.de<\/a><\/td><\/tr><\/tbody><\/table><\/figure>\n\n\n\n<p><\/p>\n","protected":false},"excerpt":{"rendered":"<p>Clubr\u00e4ume und Galerie SFC:Schulhaus M\u00fchlstra\u00dfe 29 (im Keller) 90547 Stein bei N\u00fcrnberg 2. Vorstand:Richard WalterMagnolienstr. 490522 OberasbachTel.: +49 911 9694111E-Mail:&nbsp;richard.walter(at)sfc-stein.de Schatzmeisterin:Gabriele&nbsp;WalterMagnolienstr. 490522 OberasbachTel.: +49 911 9694111E-Mail:&nbsp;gabi.walter(at)sfc-stein.de Schriftf\u00fchrer und Programm:Ronald ApeltFlurstra\u00dfe . 490547 SteinTel.: +49 911 684545E-Mail:&nbsp;ronald.apelt(at)sfc-stein.de Technischer Leiter:Norbert OttE-Mail:&nbsp;norbert.ott(at)sfc-stein.de Presse, \u00d6ffentlichkeitsarbeit:Monika MeierEmail:&nbsp;monika.meier(at)sfc-stein.de Techn. Leiter Film und Video:Klaus KutscheE-Mail:&nbsp;an den 2. Vorstand Leiter Fotografie:Friedrich MartschinE-Mail:&nbsp;an den [&hellip;]<\/p>\n","protected":false},"author":1,"featured_media":0,"parent":0,"menu_order":0,"comment_status":"closed","ping_status":"closed","template":"","meta":{"ngg_post_thumbnail":0,"footnotes":""},"class_list":["post-32","page","type-page","status-publish","hentry"],"_links":{"self":[{"href":"https:\/\/sfc-stein.de\/index.php?rest_route=\/wp\/v2\/pages\/32","targetHints":{"allow":["GET"]}}],"collection":[{"href":"https:\/\/sfc-stein.de\/index.php?rest_route=\/wp\/v2\/pages"}],"about":[{"href":"https:\/\/sfc-stein.de\/index.php?rest_route=\/wp\/v2\/types\/page"}],"author":[{"embeddable":true,"href":"https:\/\/sfc-stein.de\/index.php?rest_route=\/wp\/v2\/users\/1"}],"replies":[{"embeddable":true,"href":"https:\/\/sfc-stein.de\/index.php?rest_route=%2Fwp%2Fv2%2Fcomments&post=32"}],"version-history":[{"count":11,"href":"https:\/\/sfc-stein.de\/index.php?rest_route=\/wp\/v2\/pages\/32\/revisions"}],"predecessor-version":[{"id":1270,"href":"https:\/\/sfc-stein.de\/index.php?rest_route=\/wp\/v2\/pages\/32\/revisions\/1270"}],"wp:attachment":[{"href":"https:\/\/sfc-stein.de\/index.php?rest_route=%2Fwp%2Fv2%2Fmedia&parent=32"}],"curies":[{"name":"wp","href":"https:\/\/api.w.org\/{rel}","templated":true}]}}