{"id":28,"date":"2020-05-20T17:44:21","date_gmt":"2020-05-20T17:44:21","guid":{"rendered":"http:\/\/fotoclub-stein.de\/?page_id=28"},"modified":"2021-06-11T17:08:17","modified_gmt":"2021-06-11T17:08:17","slug":"anfahrt","status":"publish","type":"page","link":"https:\/\/sfc-stein.de\/?page_id=28","title":{"rendered":"Anfahrt"},"content":{"rendered":"\n<p>Anfahrtsbeschreibung zu unseren Clubr\u00e4umen und regelm\u00e4\u00dfigen Veranstaltungsorten des SFC in Stein<\/p>\n\n\n\n<figure class=\"wp-block-image size-large\"><img fetchpriority=\"high\" decoding=\"async\" width=\"500\" height=\"349\" src=\"http:\/\/fotoclub-stein.de\/wp-content\/uploads\/2020\/05\/anfahrtsplan.png\" alt=\"\" class=\"wp-image-30\" srcset=\"https:\/\/sfc-stein.de\/wp-content\/uploads\/2020\/05\/anfahrtsplan.png 500w, https:\/\/sfc-stein.de\/wp-content\/uploads\/2020\/05\/anfahrtsplan-300x209.png 300w\" sizes=\"(max-width: 500px) 100vw, 500px\" \/><\/figure>\n\n\n\n<p>SFC Clubr\u00e4ume:<br>M\u00fchlstrasse 29, 90547 Stein<\/p>\n\n\n\n<p>Alte Kirche:<br>Alter Kirchplatz 8, 90547 Stein<\/p>\n\n\n\n<p>Gemeindesaal:<br>Martin-Luther-Platz 3, 90547 Stein<\/p>\n\n\n\n<p>Rathaus Stein:<br>Hauptstrasse 56, 90547 Stein<\/p>\n","protected":false},"excerpt":{"rendered":"<p>Anfahrtsbeschreibung zu unseren Clubr\u00e4umen und regelm\u00e4\u00dfigen Veranstaltungsorten des SFC in Stein SFC Clubr\u00e4ume:M\u00fchlstrasse 29, 90547 Stein Alte Kirche:Alter Kirchplatz 8, 90547 Stein Gemeindesaal:Martin-Luther-Platz 3, 90547 Stein Rathaus Stein:Hauptstrasse 56, 90547 Stein<\/p>\n","protected":false},"author":1,"featured_media":0,"parent":0,"menu_order":0,"comment_status":"closed","ping_status":"closed","template":"","meta":{"ngg_post_thumbnail":0,"footnotes":""},"class_list":["post-28","page","type-page","status-publish","hentry"],"_links":{"self":[{"href":"https:\/\/sfc-stein.de\/index.php?rest_route=\/wp\/v2\/pages\/28","targetHints":{"allow":["GET"]}}],"collection":[{"href":"https:\/\/sfc-stein.de\/index.php?rest_route=\/wp\/v2\/pages"}],"about":[{"href":"https:\/\/sfc-stein.de\/index.php?rest_route=\/wp\/v2\/types\/page"}],"author":[{"embeddable":true,"href":"https:\/\/sfc-stein.de\/index.php?rest_route=\/wp\/v2\/users\/1"}],"replies":[{"embeddable":true,"href":"https:\/\/sfc-stein.de\/index.php?rest_route=%2Fwp%2Fv2%2Fcomments&post=28"}],"version-history":[{"count":3,"href":"https:\/\/sfc-stein.de\/index.php?rest_route=\/wp\/v2\/pages\/28\/revisions"}],"predecessor-version":[{"id":433,"href":"https:\/\/sfc-stein.de\/index.php?rest_route=\/wp\/v2\/pages\/28\/revisions\/433"}],"wp:attachment":[{"href":"https:\/\/sfc-stein.de\/index.php?rest_route=%2Fwp%2Fv2%2Fmedia&parent=28"}],"curies":[{"name":"wp","href":"https:\/\/api.w.org\/{rel}","templated":true}]}}