{"id":18,"date":"2020-05-20T17:39:20","date_gmt":"2020-05-20T17:39:20","guid":{"rendered":"http:\/\/fotoclub-stein.de\/?page_id=18"},"modified":"2025-11-02T15:19:34","modified_gmt":"2025-11-02T15:19:34","slug":"ueber-uns","status":"publish","type":"page","link":"https:\/\/sfc-stein.de\/?page_id=18","title":{"rendered":"\u00dcber Uns &#8230;"},"content":{"rendered":"\n<h3 class=\"wp-block-heading\">Willkommen beim Steiner Foto-, Film- und Videoclub e.V.<\/h3>\n\n\n\n<p>Wir sind ein Verein mit rund 100 Mitgliedern in der Metropolregion N\u00fcrnberg.<\/p>\n\n\n\n<p>Unsere Mitglieder sind engagierte Hobbyfotografen bzw. Hobbyvideografen, die sich den verschiedensten Disziplinen der Medien&nbsp;Foto, Film&nbsp;und Video verschrieben haben.<\/p>\n\n\n\n<p>Schwarzwei\u00df-Fotografie, Mittelformatfotografie, digitale AV-Produktionen vom Dia oder Digitalbild, Wettbewerbsfotografie, Natur- und Reisevortr\u00e4ge sind einige Bereiche, mit denen wir uns besch\u00e4ftigen. Ein H\u00f6hepunkt unseres Vereins ist die j\u00e4hrlich stattfindende \u201ePr\u00e4sentation\u201c im November.<\/p>\n\n\n\n<p>Alle aktuellen Veranstaltungen unseres Vereins finden Sie in der Rubrik \u201eVeranstaltungen\u201c &nbsp;im \u00dcberblick. G\u00e4ste sind bei uns stets herzlich willkommen!<\/p>\n\n\n\n<p><em>Ihr Steiner Foto-, Film- und Videoclub e.V<\/em><\/p>\n\n\n\n<h3 class=\"wp-block-heading\"><strong>Vereinschronik des SFC<\/strong><\/h3>\n\n\n\n<figure class=\"wp-block-table\"><table><tbody><tr><td><strong>1980<\/strong><\/td><td>Im Winter 1979\/80 hatten J\u00fcrgen M\u00fcller und Roland Schmidt die Idee, einen Foto- und Filmclub zu gr\u00fcnden. <br>Am 14.03.1980 wandten sich die beiden in einer Zeitungsnotiz an Interessierte zwecks Gr\u00fcndung eines entsprechenden Clubs. Mit Hilfe von Bernhard Gottbeh\u00fct fanden sich dann schnell Film- und Fotofreunde und man startete mit regelm\u00e4\u00dfigen Zusammenk\u00fcnften im Konfirmandensaal der Martin-Luther-Gemeinde, der freundlicherweise von dem damaligen Pfarrer Sefranek kostenlos zur Verf\u00fcgung gestellt wurde. Schon bald konnte der Club einen ordentlichen Vorstand mit folgenden Personen bilden:<br>1. Vorstand: J\u00fcrgen M\u00fcller<br>2. Vorstand: Rolf Menke<br>Schriftf\u00fchrer: Roland Schmidt<br>Schatzmeister: Rolf Ehlers<br>Technik: Friedrich Martschin<br>Pressearbeit: Bernhard Gottbeh\u00fct<br>Am 25.07.1980 wurde der \u201eSteiner Film- und Fotoclub\u201c gegr\u00fcndet.<\/td><\/tr><tr><td><strong>1982<\/strong><\/td><td>Der Verein entwickelte sich sehr positiv mit steigenden Mitgliederzahlen. Durch den Einsatz unserer prominenten Mitglieder Alt-B\u00fcrgermeister D\u00fcmmelbeck und&nbsp;seinem Nachfolger&nbsp;Bernhard Gottbeh\u00fct wurden dem Verein zun\u00e4chst 2 R\u00e4ume im Keller der Schule M\u00fchlstra\u00dfe zur Verf\u00fcgung gestellt. Durch Eigenleistung der SFC-Mitglieder wurden aus dem ehemaligen \u00f6ffentlichen Brausebad film- und fotogerechte R\u00e4ume; diese beiden Clubr\u00e4ume konnten bereits am 14.05.82 eingeweiht werden.<\/td><\/tr><tr><td><strong>1983<\/strong><\/td><td>Im November 1983 fand der erste \u00f6ffentliche Abend in der Alten Kirche mit Super 8-Tonfilm- und \u00dcberblend-Ton-Dia-Serien statt. Seitdem findet diese Veranstaltung als Pr\u00e4sentation im Herbst jeden Jahres statt.<\/td><\/tr><tr><td><strong>1985<\/strong><\/td><td>Die R\u00e4umlichkeiten wurden erweitert und so konnte der SFC am 01.03.85 ein Fotolabor unter Leitung von Klaus Kutsche, welcher auch die Filmabteilung leitet, einrichten.<\/td><\/tr><tr><td><strong>1989<\/strong><\/td><td>Am 18.03.1989 wurde die Videoabteilung unter der F\u00fchrung von Herbert M\u00f6bius gegr\u00fcndet.<\/td><\/tr><tr><td><strong>1990<\/strong><\/td><td>Ronald Apelt \u00fcbernimmt die Leitung der Video-Gruppe. <br>Er\u00f6ffnung der SFC-Galerie. <br>Friedrich Martschin hielt ab September 1992 den ersten Fotokurs und Ronald Apelt den ersten Videokurs an der VHS Stein ab. Diese Kurse werden bis jetzt in jedem Jahr erweitert und von Friedrich Martschin und Ronald Apelt fortgef\u00fchrt. Dadurch konnten viele neue Mitglieder f\u00fcr den Club gewonnen werden.<\/td><\/tr><tr><td><strong>1993<\/strong><\/td><td>Im Jahre 1993 erfolgte die Umbenennung des Vereins in \u201eSteiner Foto-, Film- und Videoclub e.V.\u201c (SFC). Ferner legte J\u00fcrgen M\u00fcller das Amt des 1. Vorsitzenden aus beruflichen Gr\u00fcnden nieder. Als Nachfolger wurde Friedrich Martschin gew\u00e4hlt.<\/td><\/tr><tr><td><strong>2000<\/strong><\/td><td>20 Jahre SFC (vielseitiges Festprogramm mit Veranstaltungen aus allen Bereichen des Clubs)<\/td><\/tr><tr><td><strong>2002<\/strong><\/td><td>Im Jahr 2002 konnte das Dia-AV-Labor fertig gestellt werden, welches eine professionelle Erstellung und Bearbeitung von Tonbildschauen erm\u00f6glicht.<\/td><\/tr><tr><td><strong>2003<\/strong><\/td><td>Friedrich Martschin geht beruflich in den&nbsp;Ruhestand, bleibt aber trotzdem sehr aktiv im SFC (Leiter der Fotografie, Organisation des SFC-Programmes und der Fotoausstellungen). Frank Zahorik wird zum 1. Vorsitzenden gew\u00e4hlt.<\/td><\/tr><tr><td><strong>2005<\/strong><\/td><td>Der SFC f\u00fchrt anl\u00e4sslich des 25-j\u00e4hrigen Vereinsjubil\u00e4ums in Kooperation mit WOLF Photo Media die \u201e1. Fr\u00e4nkischen AV-Medientage\u201c durch. Das Konzept umfasst u.a. eine Fotomesse mit namhaften Ausstellern, Workshops und abendf\u00fcllende Life-Vortr\u00e4ge. Ein Fotowettbewerb und andere Mitmachangebote runden die Veranstaltung ab.<\/td><\/tr><tr><td><strong>2006<\/strong><\/td><td>Die Stadt Stein verleiht Friedrich Martschin f\u00fcr sein au\u00dfergew\u00f6hnliches Engagement auf dem Gebiet der Fotografie sowie der auch in \u00fcberregionalen Fachkreisen anerkannt hohen Kompetenz den Kulturpreis 2006.<\/td><\/tr><tr><td><strong>2007<\/strong><\/td><td>Friedrich Martschin gr\u00fcndet die Fotoschule Stein in&nbsp;zusammenarbeit mit der vhs Stein.<br>Auf Grund des gro\u00dfen Erfolgs finden im September in Kooperation mit WOLF Photo Media die \u201e2. Fr\u00e4nkischen AV-Medientage\u201c statt.<\/td><\/tr><tr><td><strong>2009<\/strong><\/td><td>Die Videoabteilung feiert im Fr\u00fchjahr ihr 20-j\u00e4hriges Bestehen.<br>Der SFC pr\u00e4sentiert in Zusammenarbeit mit der Firma WOLF Photo&nbsp;Media die \u201e3. Fr\u00e4nkischen AV-Medientage\u201c in Stein.<\/td><\/tr><tr><td><strong>2010<\/strong><\/td><td>30 Jahre SFC (vielseitiges Festprogramm mit Veranstaltungen aus allen Bereichen des Clubs).<\/td><\/tr><tr><td><strong>2015<\/strong><\/td><td>35 Jahre SFC mit Gemeinschaftsausstellung \u201eIch sehe was, was Du nicht siehst.\u201c<\/td><\/tr><tr><td><strong>2016<\/strong><\/td><td>Renovierung des Vorf\u00fchrraumes und des Sanit\u00e4rbereiches: am 24.11.2016 werden die R\u00e4ume wieder f\u00fcr den Normalbetrieb freigegeben.<\/td><\/tr><tr><td><strong>2017<\/strong><\/td><td>Frank Zahorik steht bei den Vorstandsneuwahlen am 27.10.2017 nicht mehr zur Verf\u00fcgung; Philipp Wieder wird neuer 1. Vorsitzender.<\/td><\/tr><tr><td><strong>2018<\/strong><\/td><td>Unter Leitung von Friedrich Martschin wird das Schwarz-Wei\u00df-Labor grundlegend&nbsp;renoviert und ert\u00fcchtigt. Mit der Foto-Ausstellung \u201eEine kleine Renaissance der Analogen Photographie\u201c erfolgt im Februar die offizielle Wiederinbetriebnahme.<br>Der Verein begr\u00fc\u00dfte sein 100. Mitglied!<\/td><\/tr><tr><td><strong>2020<\/strong><\/td><td>40 Jahre SFC mit Gemeinschaftsausstellung<\/td><\/tr><tr><td><strong>2024<\/strong><\/td><td>Neuwahl des SFC Vorstandes. Der gesch\u00e4ftsf\u00fchrende Vorstand setzt sich zusammen aus Richard Walter, Gabi Walter, Ronald Apelt, Norbert Ott.<\/td><\/tr><tr><td><strong>2025<\/strong><\/td><td>Am 15. August wird das Gr\u00fcndungsmitglied im SFC, langj\u00e4hriger erster Vorsitzender und gegenw\u00e4rtig als Leiter Fotografie im Vorstand des SFC t\u00e4tig, Friedrich Martschin, zum Ehrenvorsitzenden im Steiner Foto-, Film- und Videoclub e.V. ernannt.<\/td><\/tr><\/tbody><\/table><\/figure>\n\n\n\n<p><\/p>\n","protected":false},"excerpt":{"rendered":"<p>Willkommen beim Steiner Foto-, Film- und Videoclub e.V. Wir sind ein Verein mit rund 100 Mitgliedern in der Metropolregion N\u00fcrnberg. Unsere Mitglieder sind engagierte Hobbyfotografen bzw. Hobbyvideografen, die sich den verschiedensten Disziplinen der Medien&nbsp;Foto, Film&nbsp;und Video verschrieben haben. Schwarzwei\u00df-Fotografie, Mittelformatfotografie, digitale AV-Produktionen vom Dia oder Digitalbild, Wettbewerbsfotografie, Natur- und Reisevortr\u00e4ge sind einige Bereiche, mit denen [&hellip;]<\/p>\n","protected":false},"author":1,"featured_media":0,"parent":0,"menu_order":0,"comment_status":"closed","ping_status":"closed","template":"","meta":{"ngg_post_thumbnail":0,"footnotes":""},"class_list":["post-18","page","type-page","status-publish","hentry"],"_links":{"self":[{"href":"https:\/\/sfc-stein.de\/index.php?rest_route=\/wp\/v2\/pages\/18","targetHints":{"allow":["GET"]}}],"collection":[{"href":"https:\/\/sfc-stein.de\/index.php?rest_route=\/wp\/v2\/pages"}],"about":[{"href":"https:\/\/sfc-stein.de\/index.php?rest_route=\/wp\/v2\/types\/page"}],"author":[{"embeddable":true,"href":"https:\/\/sfc-stein.de\/index.php?rest_route=\/wp\/v2\/users\/1"}],"replies":[{"embeddable":true,"href":"https:\/\/sfc-stein.de\/index.php?rest_route=%2Fwp%2Fv2%2Fcomments&post=18"}],"version-history":[{"count":9,"href":"https:\/\/sfc-stein.de\/index.php?rest_route=\/wp\/v2\/pages\/18\/revisions"}],"predecessor-version":[{"id":1668,"href":"https:\/\/sfc-stein.de\/index.php?rest_route=\/wp\/v2\/pages\/18\/revisions\/1668"}],"wp:attachment":[{"href":"https:\/\/sfc-stein.de\/index.php?rest_route=%2Fwp%2Fv2%2Fmedia&parent=18"}],"curies":[{"name":"wp","href":"https:\/\/api.w.org\/{rel}","templated":true}]}}